{"id":1990,"date":"2023-06-16T16:22:13","date_gmt":"2023-06-16T14:22:13","guid":{"rendered":"https:\/\/gruppovillapacis.it\/home\/?page_id=1990"},"modified":"2023-06-16T16:22:44","modified_gmt":"2023-06-16T14:22:44","slug":"privacy-policy","status":"publish","type":"page","link":"https:\/\/gruppovillapacis.it\/home\/?page_id=1990","title":{"rendered":"Privacy policy"},"content":{"rendered":"<section id=\"bt_section6a01bdc591d2a\"  class=\"boldSection gutter\" ><div class=\"port\"><div class=\"boldCell\"><div class=\"boldCellInner\"><div class=\"boldRow  \" ><div class=\"boldRowInner\"><div class=\"rowItem col-md-12 col-ms-12  btTextLeft\"  ><div class=\"rowItemContent\" ><div class=\"btText\" ><h2 style=\"text-align: center;\"><strong>PRIVACY POLICY<\/strong><\/h2>\n<p><strong>INFORMATIVA SUL TRATTAMENTO DEI DATI PERSONALI<\/strong><br \/>\nai sensi dell\u2019art. 13 del Regolamento UE 679\/2016 G.D.P.R.<\/p>\n<p>Questa informativa viene fornita ai sensi dell\u2019art. 13 del Regolamento UE 679\/2016 da Gruppo Villa Pacis, avente sede in Via Cappuccini snc\u00a0\u2013 98070 San Marco D\u2019Alunzio (ME), n. q. di Titolare del trattamento dei dati.<br \/>\nLa informiamo che i Suoi dati personali sono utilizzati nel rispetto dei principi di correttezza, liceit\u00e0, trasparenza, tutela e riservatezza degli\u00a0stessi e dei Suoi diritti, cos\u00ec come stabilito dal Regolamento.<br \/>\nIl presente sito web \u00e8 uniforme al protocollo di sicurezza Https, adottando misure di sicurezza che riducono al minimo i rischi di distruzione\u00a0o di perdita dei dati, di accesso non autorizzato o di trattamento non consentito o non conforme alle finalit\u00e0 di raccolta indicate nella<br \/>\nnostra Privacy Policy.<br \/>\nInvitiamo gli utenti del sito a verificare che il dispositivo da cui si collegano sia dotato di software adeguati alla protezione della\u00a0trasmissione in rete di dati (ad esempio antivirus e browser aggiornati).<\/p>\n<p><strong>1.FINALIT\u00c0 DEL TRATTAMENTO DATI E BASE GIURIDICA<\/strong><br \/>\nLa informiamo che il sito all\u2019interno del quale sta navigando \u00e8 principalmente un sito vetrina che Le consentir\u00e0 di visionare le attivit\u00e0 svolte\u00a0da Gruppo Villa Pacis.<br \/>\nL\u2019utente interessato avr\u00e0 la possibilit\u00e0 di compilare il format \u201cModulo di iscrizione\u201d nella sezione \u201cLavora con noi\u201d e di potere inviare il\u00a0proprio curriculum vitae per proporre la propria candidatura a Gruppo Villa Pacis.<br \/>\nLo stesso iter potr\u00e0 essere attuato in relazione alla partecipazione a corsi di formazione organizzati dal Titolare del trattamento. In questo\u00a0caso, l\u2019utente interessato, dovr\u00e0 compilare il format \u201cModulo di iscrizione\u201d nella sezione \u201cCentro di formazione permanente\u201d.<br \/>\nI Suoi dati verranno trattati e conservati con il supporto di mezzi cartacei ed informatici per le seguenti finalit\u00e0:<br \/>\n<strong>a)<\/strong>\u00a0reclutamento e selezione del personale; esecuzione, immediata o futura, di obblighi contrattuali e\/o precontrattuali da parte di\u00a0Gruppo Villa Pacis, ai sensi dell&#8217;art. 6, comma 1, lett. b) del GDPR;<br \/>\n<strong>b)<\/strong>\u00a0attivit\u00e0 di recall per aggiornamenti, informazioni, variazioni relativi ai corsi di formazione fruibili presso i locali di Gruppo Villa\u00a0Pacis ai sensi dell&#8217;art. 6, comma 1, lett. a) del GDPR;<br \/>\n<strong>c)<\/strong>\u00a0prevenzione ed accertamento di frodi ed abusi informatici (frode, phishing, spam, ecc.), volti a proteggere la sicurezza nostra e\u00a0dei nostri visitatori, ai sensi dell&#8217;art. 6, comma 1, lett. f) GDPR.<\/p>\n<p><strong>2.NATURA DEL CONFERIMENTO DEI DATI E CONSEGUENZE DELLA MANCATA COMUNICAZIONE DEI DATI<\/strong><br \/>\nIl rifiuto a fornire i dati personali o la mancata prestazione del consenso al loro trattamento comporta l\u00ecimpossibilit\u00e0 per Gruppo Villa Pacis\u00a0di procedere all&#8217;erogazione delle prestazioni richieste e di attuare le finalit\u00e0 di cui al punto 1, lettere a) e b) della presente informativa.<\/p>\n<p><strong>3. MODALIT\u00c0 DEL TRATTAMENTO DEI DATI:<\/strong><br \/>\nIl trattamento dei Suoi dati personali sar\u00e0 improntato ai principi di liceit\u00e0, correttezza e trasparenza, tutelando la Sua riservatezza in\u00a0ossequio ai principi di cui all\u2019articolo 5 del REG. UE. Il trattamento pu\u00f2 essere effettuato con modalit\u00e0 manuali, con documenti cartacei ed\u00a0anche con l&#8217;ausilio di mezzi elettronici o comunque automatizzati. I dati sono raccolti e trattati presso la sede di Gruppo Villa Pacis, tramite\u00a0appositi archivi documentali e informatici. I Suoi dati personali sono trattati utilizzando idonee misure di sicurezza tecniche e organizzative\u00a0ai sensi dell\u2019art. 32 del REG. UE, in modo da garantire un livello di sicurezza adeguato e riducendo al minimo i rischi di distruzione o perdita,\u00a0di accesso non autorizzato o di trattamento non conforme alle finalit\u00e0 della raccolta.<\/p>\n<p><strong>4.CATEGORIE DI DESTINATARI<\/strong><br \/>\nFerme restando le comunicazioni eseguite in adempimento di obblighi di legge e contrattuali, i Suoi dati potrebbero venire inoltre a\u00a0conoscenza delle seguenti categorie di destinatari, individuati per iscritto ed ai quali sono state fornite specifiche istruzioni circa il\u00a0trattamento: personale dipendente autorizzato da Gruppo Villa Pacis; piattaforme gestionali e di elaborazione dati; istituti bancari; fornitori\u00a0di servizi informatici, consulenti e liberi professionisti anche in forma associata, in veste di responsabili esterni del trattamento.<\/p>\n<p><strong>5.PERIODO DI CONSERVAZIONE<\/strong><br \/>\nIn ottemperanza a precisi obblighi legislativi e contrattuali, i Suoi dati saranno trattati per tutto il tempo necessario allo svolgimento del\u00a0rapporto commerciale in essere. Saranno inoltre opportunamente archiviati per i successivi 10 anni dalla data di acquisizione per garantire\u00a0l\u2019esercizio dell\u2019attivit\u00e0 di controllo agli organismi preposti.<br \/>\nLei avr\u00e0 sempre la possibilit\u00e0 di revocare uno o pi\u00f9 dei consensi prestati, nonch\u00e9 di chiedere al Titolare del trattamento la cancellazione\u00a0totale dei Suoi dati e l\u2019annullamento dell\u2019iscrizione, con l\u2019immediata interruzione dell\u2019erogazione dei servizi ad essa collegati.<br \/>\nI dati saranno immediatamente cancellati o trattati in forma anonima, ove la loro conservazione non risulti altrimenti giustificata.<\/p>\n<p><strong>6.IDENTIT\u00c0 E DATI DI CONTATTO DEL TITOLARE DEL TRATTAMENTO<\/strong><br \/>\nIl Titolare del trattamento \u00e8\u00a0<strong>Gruppo Villa Pacis<\/strong>\u00a0con sede in Via Cappuccini snc \u2013 98070 San Marco D\u2019Alunzio (ME). Ai fini dell\u2019esercizio dei\u00a0Suoi diritti di interessato di seguito elencati, il Titolare del trattamento pu\u00f2 essere contattato all\u2019indirizzo e-mail\u00a0<span id=\"cloakf3551195901104e708d86774a0195950\"><a href=\"mailto:info@gruppovillapacis.it\">info@gruppovillapacis.it<\/a><\/span>\u00a0o\u00a0al numero di telefono 0941 526409. Il Referente Privacy al quale potr\u00e0 rivolgersi per l\u2019esercizio dei diritti previsti dal REG. UE elencati al\u00a0successivo punto 7 \u00e8 il DPO aziendale: Dott. Gaetano Emanuele (e-mail:\u00a0<span id=\"cloak7fcca3bc7bcd5383604a19448fede4bc\"><a href=\"mailto:dpo@rsavillapacis.it\">dpo@rsavillapacis.it<\/a><\/span>; pec:\u00a0<span id=\"cloaka1c6bdab203ced5772b830d45dddbfaa\"><a href=\"mailto:dpo@pec.nelssrl.it\">dpo@pec.nelssrl.it<\/a><\/span>\u00a0).<\/p>\n<p><strong>7.DIRITTI DELL\u2019INTERESSATO<\/strong><br \/>\nAi sensi del Reg. UE 679\/2016 (GDPR) e della normativa nazionale, dell&#8217;interessato pu\u00f2, secondo le modalit\u00e0 e nei limiti previsti dalla vigente\u00a0normativa, esercitare i seguenti diritti: richiedere la conferma dell&#8217;esistenza di dati personali che lo riguardano (diritto di accesso);\u00a0conoscerne l&#8217;origine; riceverne comunicazione intelligibile; avere informazioni circa la logica, le modalit\u00e0 e le finalit\u00e0 del trattamento;\u00a0richiederne l&#8217;aggiornamento, la rettifica, l&#8217;integrazione, la cancellazione, la trasformazione in forma anonima, il blocco dei dati trattati in\u00a0violazione di legge, ivi compresi quelli non pi\u00f9 necessari al perseguimento degli scopi per i quali sono stati raccolti; nei casi di trattamento\u00a0basato su consenso, ricevere i propri dati forniti al titolare, in forma strutturata e leggibile da un elaboratore di dati e in un formato\u00a0comunemente usato da un dispositivo elettronico; il diritto di presentare un reclamo all\u2019Autorit\u00e0 di controllo.<br \/>\nL\u2019esercizio dei diritti non \u00e8 soggetto ad alcun vincolo di forma ed \u00e8 gratuito.<\/p>\n<p><strong>Gruppo Villa Pacis<\/strong><br \/>\nTel.: +39 0941 526409;<br \/>\nE-mail:\u00a0<span id=\"cloakb2dc665d8adbd133fdd63c07e0e86c93\"><a href=\"mailto:info@gruppovillapacis.it\">info@gruppovillapacis.it<\/a><\/span><\/p>\n<\/div><\/div><\/div><\/div><\/div><\/div><\/div><\/div><\/section>","protected":false},"excerpt":{"rendered":"","protected":false},"author":1,"featured_media":0,"parent":0,"menu_order":0,"comment_status":"closed","ping_status":"closed","template":"","meta":{"footnotes":""},"class_list":["post-1990","page","type-page","status-publish","hentry"],"yoast_head":"<!-- This site is optimized with the Yoast SEO plugin v21.7 - https:\/\/yoast.com\/wordpress\/plugins\/seo\/ -->\n<title>Privacy policy - Gruppo Villa Pacis<\/title>\n<meta name=\"robots\" content=\"index, follow, max-snippet:-1, max-image-preview:large, max-video-preview:-1\" \/>\n<link rel=\"canonical\" href=\"https:\/\/gruppovillapacis.it\/home\/?page_id=1990\" \/>\n<meta property=\"og:locale\" content=\"it_IT\" \/>\n<meta property=\"og:type\" content=\"article\" \/>\n<meta property=\"og:title\" content=\"Privacy policy - Gruppo Villa Pacis\" \/>\n<meta property=\"og:url\" content=\"https:\/\/gruppovillapacis.it\/home\/?page_id=1990\" \/>\n<meta property=\"og:site_name\" content=\"Gruppo Villa Pacis\" \/>\n<meta property=\"article:publisher\" content=\"https:\/\/www.facebook.com\/VillaPacis\" \/>\n<meta property=\"article:modified_time\" content=\"2023-06-16T14:22:44+00:00\" \/>\n<meta name=\"twitter:card\" content=\"summary_large_image\" \/>\n<meta name=\"twitter:label1\" content=\"Tempo di lettura stimato\" \/>\n\t<meta name=\"twitter:data1\" content=\"5 minuti\" \/>\n<script type=\"application\/ld+json\" class=\"yoast-schema-graph\">{\"@context\":\"https:\/\/schema.org\",\"@graph\":[{\"@type\":\"WebPage\",\"@id\":\"https:\/\/gruppovillapacis.it\/home\/?page_id=1990\",\"url\":\"https:\/\/gruppovillapacis.it\/home\/?page_id=1990\",\"name\":\"Privacy policy - Gruppo Villa Pacis\",\"isPartOf\":{\"@id\":\"https:\/\/gruppovillapacis.it\/home\/#website\"},\"datePublished\":\"2023-06-16T14:22:13+00:00\",\"dateModified\":\"2023-06-16T14:22:44+00:00\",\"breadcrumb\":{\"@id\":\"https:\/\/gruppovillapacis.it\/home\/?page_id=1990#breadcrumb\"},\"inLanguage\":\"it-IT\",\"potentialAction\":[{\"@type\":\"ReadAction\",\"target\":[\"https:\/\/gruppovillapacis.it\/home\/?page_id=1990\"]}]},{\"@type\":\"BreadcrumbList\",\"@id\":\"https:\/\/gruppovillapacis.it\/home\/?page_id=1990#breadcrumb\",\"itemListElement\":[{\"@type\":\"ListItem\",\"position\":1,\"name\":\"Home\",\"item\":\"https:\/\/gruppovillapacis.it\/home\/\"},{\"@type\":\"ListItem\",\"position\":2,\"name\":\"Privacy policy\"}]},{\"@type\":\"WebSite\",\"@id\":\"https:\/\/gruppovillapacis.it\/home\/#website\",\"url\":\"https:\/\/gruppovillapacis.it\/home\/\",\"name\":\"Gruppo Villa Pacis\",\"description\":\"\",\"publisher\":{\"@id\":\"https:\/\/gruppovillapacis.it\/home\/#organization\"},\"potentialAction\":[{\"@type\":\"SearchAction\",\"target\":{\"@type\":\"EntryPoint\",\"urlTemplate\":\"https:\/\/gruppovillapacis.it\/home\/?s={search_term_string}\"},\"query-input\":\"required name=search_term_string\"}],\"inLanguage\":\"it-IT\"},{\"@type\":\"Organization\",\"@id\":\"https:\/\/gruppovillapacis.it\/home\/#organization\",\"name\":\"Gruppo Villa Pacis\",\"url\":\"https:\/\/gruppovillapacis.it\/home\/\",\"logo\":{\"@type\":\"ImageObject\",\"inLanguage\":\"it-IT\",\"@id\":\"https:\/\/gruppovillapacis.it\/home\/#\/schema\/logo\/image\/\",\"url\":\"https:\/\/gruppovillapacis.it\/home\/wp-content\/uploads\/2023\/05\/208.png\",\"contentUrl\":\"https:\/\/gruppovillapacis.it\/home\/wp-content\/uploads\/2023\/05\/208.png\",\"width\":208,\"height\":110,\"caption\":\"Gruppo Villa Pacis\"},\"image\":{\"@id\":\"https:\/\/gruppovillapacis.it\/home\/#\/schema\/logo\/image\/\"},\"sameAs\":[\"https:\/\/www.facebook.com\/VillaPacis\"]}]}<\/script>\n<!-- \/ Yoast SEO plugin. -->","yoast_head_json":{"title":"Privacy policy - Gruppo Villa Pacis","robots":{"index":"index","follow":"follow","max-snippet":"max-snippet:-1","max-image-preview":"max-image-preview:large","max-video-preview":"max-video-preview:-1"},"canonical":"https:\/\/gruppovillapacis.it\/home\/?page_id=1990","og_locale":"it_IT","og_type":"article","og_title":"Privacy policy - Gruppo Villa Pacis","og_url":"https:\/\/gruppovillapacis.it\/home\/?page_id=1990","og_site_name":"Gruppo Villa Pacis","article_publisher":"https:\/\/www.facebook.com\/VillaPacis","article_modified_time":"2023-06-16T14:22:44+00:00","twitter_card":"summary_large_image","twitter_misc":{"Tempo di lettura stimato":"5 minuti"},"schema":{"@context":"https:\/\/schema.org","@graph":[{"@type":"WebPage","@id":"https:\/\/gruppovillapacis.it\/home\/?page_id=1990","url":"https:\/\/gruppovillapacis.it\/home\/?page_id=1990","name":"Privacy policy - Gruppo Villa Pacis","isPartOf":{"@id":"https:\/\/gruppovillapacis.it\/home\/#website"},"datePublished":"2023-06-16T14:22:13+00:00","dateModified":"2023-06-16T14:22:44+00:00","breadcrumb":{"@id":"https:\/\/gruppovillapacis.it\/home\/?page_id=1990#breadcrumb"},"inLanguage":"it-IT","potentialAction":[{"@type":"ReadAction","target":["https:\/\/gruppovillapacis.it\/home\/?page_id=1990"]}]},{"@type":"BreadcrumbList","@id":"https:\/\/gruppovillapacis.it\/home\/?page_id=1990#breadcrumb","itemListElement":[{"@type":"ListItem","position":1,"name":"Home","item":"https:\/\/gruppovillapacis.it\/home\/"},{"@type":"ListItem","position":2,"name":"Privacy policy"}]},{"@type":"WebSite","@id":"https:\/\/gruppovillapacis.it\/home\/#website","url":"https:\/\/gruppovillapacis.it\/home\/","name":"Gruppo Villa Pacis","description":"","publisher":{"@id":"https:\/\/gruppovillapacis.it\/home\/#organization"},"potentialAction":[{"@type":"SearchAction","target":{"@type":"EntryPoint","urlTemplate":"https:\/\/gruppovillapacis.it\/home\/?s={search_term_string}"},"query-input":"required name=search_term_string"}],"inLanguage":"it-IT"},{"@type":"Organization","@id":"https:\/\/gruppovillapacis.it\/home\/#organization","name":"Gruppo Villa Pacis","url":"https:\/\/gruppovillapacis.it\/home\/","logo":{"@type":"ImageObject","inLanguage":"it-IT","@id":"https:\/\/gruppovillapacis.it\/home\/#\/schema\/logo\/image\/","url":"https:\/\/gruppovillapacis.it\/home\/wp-content\/uploads\/2023\/05\/208.png","contentUrl":"https:\/\/gruppovillapacis.it\/home\/wp-content\/uploads\/2023\/05\/208.png","width":208,"height":110,"caption":"Gruppo Villa Pacis"},"image":{"@id":"https:\/\/gruppovillapacis.it\/home\/#\/schema\/logo\/image\/"},"sameAs":["https:\/\/www.facebook.com\/VillaPacis"]}]}},"_links":{"self":[{"href":"https:\/\/gruppovillapacis.it\/home\/index.php?rest_route=\/wp\/v2\/pages\/1990","targetHints":{"allow":["GET"]}}],"collection":[{"href":"https:\/\/gruppovillapacis.it\/home\/index.php?rest_route=\/wp\/v2\/pages"}],"about":[{"href":"https:\/\/gruppovillapacis.it\/home\/index.php?rest_route=\/wp\/v2\/types\/page"}],"author":[{"embeddable":true,"href":"https:\/\/gruppovillapacis.it\/home\/index.php?rest_route=\/wp\/v2\/users\/1"}],"replies":[{"embeddable":true,"href":"https:\/\/gruppovillapacis.it\/home\/index.php?rest_route=%2Fwp%2Fv2%2Fcomments&post=1990"}],"version-history":[{"count":2,"href":"https:\/\/gruppovillapacis.it\/home\/index.php?rest_route=\/wp\/v2\/pages\/1990\/revisions"}],"predecessor-version":[{"id":1992,"href":"https:\/\/gruppovillapacis.it\/home\/index.php?rest_route=\/wp\/v2\/pages\/1990\/revisions\/1992"}],"wp:attachment":[{"href":"https:\/\/gruppovillapacis.it\/home\/index.php?rest_route=%2Fwp%2Fv2%2Fmedia&parent=1990"}],"curies":[{"name":"wp","href":"https:\/\/api.w.org\/{rel}","templated":true}]}}